{"id":98,"date":"2020-08-06T17:57:27","date_gmt":"2020-08-06T20:57:27","guid":{"rendered":"http:\/\/bibliotecazampa.com.ar\/?page_id=98"},"modified":"2023-11-27T10:08:53","modified_gmt":"2023-11-27T13:08:53","slug":"autoridades","status":"publish","type":"page","link":"https:\/\/bibliotecazampa.com.ar\/index.php\/autoridades\/","title":{"rendered":"Autoridades"},"content":{"rendered":"<p><strong>Comisi\u00f3n Directiva 2023<\/strong><\/p>\n<ul>\n<li><strong>Presidente:\u00a0<\/strong>Juan Alfredo, Velo.<\/li>\n<li><strong>Vice-Presidente:<\/strong> Oscar, Abella.<\/li>\n<li><strong>Secretaria:<\/strong> Marta, Martinez.<\/li>\n<li><strong>Pro- Secretario:<\/strong> Leonel Amaya.<\/li>\n<li><strong>Tesorero:<\/strong> Liliana M\u00f3nica Aranguren.<\/li>\n<li><strong>Pro-Tesorero:<\/strong> Josefa, Maydana.<\/li>\n<li><strong>Comisi\u00f3n revisora de cuenta titulares:<\/strong><br \/>\nLiliana, Bianchi.<br \/>\nAna Mar\u00eda, Milara\u00f1a.<\/li>\n<li>\u00a0<strong>Vocales Titulares:<br \/>\n<\/strong>Cristina, Guadagnoli.<br \/>\nGraciela, de Paula Ferreyra.<br \/>\nFernanda, Cerretani.<\/li>\n<li><strong>Vocales Suplentes:\u00a0 \u00a0 \u00a0 \u00a0 \u00a0 \u00a0 \u00a0 \u00a0 \u00a0 \u00a0 \u00a0 \u00a0 \u00a0 \u00a0 \u00a0 \u00a0 \u00a0 \u00a0 \u00a0 \u00a0 \u00a0 \u00a0 \u00a0 \u00a0 \u00a0 \u00a0 \u00a0 \u00a0 \u00a0 \u00a0 \u00a0 \u00a0 \u00a0 \u00a0 \u00a0 \u00a0 \u00a0 \u00a0 \u00a0 \u00a0 \u00a0 \u00a0 \u00a0 \u00a0 \u00a0 \u00a0 \u00a0 \u00a0 \u00a0 \u00a0 \u00a0 \u00a0 \u00a0 \u00a0 \u00a0 \u00a0 \u00a0 \u00a0 \u00a0 \u00a0 \u00a0 \u00a0 \u00a0 \u00a0 \u00a0 \u00a0 \u00a0 \u00a0 \u00a0 \u00a0 \u00a0 \u00a0 \u00a0 \u00a0 \u00a0 \u00a0 <\/strong>Abel, Camelli.\u00a0 \u00a0 \u00a0 \u00a0 \u00a0 \u00a0 \u00a0 \u00a0 \u00a0 \u00a0 \u00a0 \u00a0 \u00a0 \u00a0 \u00a0 \u00a0 \u00a0 \u00a0 \u00a0 \u00a0 \u00a0 \u00a0 \u00a0 \u00a0 \u00a0 \u00a0 \u00a0 \u00a0 \u00a0 \u00a0 \u00a0 \u00a0 \u00a0 \u00a0 \u00a0 \u00a0 \u00a0 \u00a0 \u00a0 \u00a0 \u00a0 \u00a0 \u00a0 \u00a0 \u00a0 \u00a0 \u00a0 \u00a0 \u00a0 \u00a0 \u00a0 \u00a0 \u00a0 \u00a0 \u00a0 \u00a0 \u00a0 \u00a0 \u00a0 \u00a0 \u00a0 \u00a0 \u00a0 \u00a0 \u00a0 \u00a0 \u00a0 \u00a0 \u00a0 \u00a0 \u00a0 \u00a0 \u00a0 \u00a0 \u00a0 \u00a0 \u00a0 \u00a0 \u00a0 \u00c9rica, Ginocchio.\u00a0 \u00a0 \u00a0 \u00a0 \u00a0 \u00a0 \u00a0 \u00a0 \u00a0 \u00a0 \u00a0 \u00a0 \u00a0 \u00a0 \u00a0 \u00a0 \u00a0 \u00a0 \u00a0 \u00a0 \u00a0 \u00a0 \u00a0 \u00a0 \u00a0 \u00a0 \u00a0 \u00a0 \u00a0 \u00a0 \u00a0 \u00a0 \u00a0 \u00a0 \u00a0 \u00a0 \u00a0 \u00a0 \u00a0 \u00a0 \u00a0 \u00a0 \u00a0 \u00a0 \u00a0 \u00a0 \u00a0 \u00a0 \u00a0 \u00a0 \u00a0 \u00a0 \u00a0 \u00a0 \u00a0 \u00a0 \u00a0 \u00a0 \u00a0 \u00a0 \u00a0 \u00a0 \u00a0 \u00a0 \u00a0 \u00a0 \u00a0 \u00a0 \u00a0 \u00a0 \u00a0 \u00a0 \u00a0 \u00a0 Beatriz, Calcaterra.<\/li>\n<li>\u00a0<strong>Bibliotecarias:<\/strong><br \/>\nVanesa, D\u00b4Amico.\u00a0 \u00a0 \u00a0 \u00a0 \u00a0 \u00a0 \u00a0 \u00a0 \u00a0 \u00a0 \u00a0 \u00a0 \u00a0 \u00a0 \u00a0 \u00a0 \u00a0 \u00a0 \u00a0 \u00a0 \u00a0 \u00a0 \u00a0 \u00a0 \u00a0 \u00a0 \u00a0 \u00a0 \u00a0 \u00a0 \u00a0 \u00a0 \u00a0 \u00a0 \u00a0 \u00a0 \u00a0 \u00a0 \u00a0 \u00a0 \u00a0 \u00a0 \u00a0 \u00a0 \u00a0 \u00a0 \u00a0 \u00a0 \u00a0 \u00a0 \u00a0 \u00a0 \u00a0 \u00a0 \u00a0 \u00a0 \u00a0 \u00a0 \u00a0 \u00a0 \u00a0 \u00a0 \u00a0 \u00a0 \u00a0 \u00a0 \u00a0 \u00a0 \u00a0Miriam, Catalini.<\/li>\n<\/ul>\n","protected":false},"excerpt":{"rendered":"<p>Comisi\u00f3n Directiva 2023 Presidente:\u00a0Juan Alfredo, Velo. Vice-Presidente: Oscar, Abella. Secretaria: Marta, Martinez. Pro- Secretario: Leonel Amaya. Tesorero: Liliana M\u00f3nica Aranguren. Pro-Tesorero: Josefa, Maydana. Comisi\u00f3n revisora de cuenta titulares: Liliana, Bianchi. Ana Mar\u00eda, Milara\u00f1a. \u00a0Vocales Titulares: Cristina, Guadagnoli. Graciela, de Paula Ferreyra. Fernanda, Cerretani. Vocales Suplentes:\u00a0 \u00a0 \u00a0 \u00a0 \u00a0 \u00a0 \u00a0 \u00a0 \u00a0 \u00a0 \u00a0 &hellip; <\/p>\n<p class=\"link-more\"><a href=\"https:\/\/bibliotecazampa.com.ar\/index.php\/autoridades\/\" class=\"more-link\">Segu\u00ed leyendo<span class=\"screen-reader-text\"> &#8220;Autoridades&#8221;<\/span><\/a><\/p>\n","protected":false},"author":1,"featured_media":0,"parent":0,"menu_order":0,"comment_status":"closed","ping_status":"closed","template":"","meta":[],"_links":{"self":[{"href":"https:\/\/bibliotecazampa.com.ar\/index.php\/wp-json\/wp\/v2\/pages\/98"}],"collection":[{"href":"https:\/\/bibliotecazampa.com.ar\/index.php\/wp-json\/wp\/v2\/pages"}],"about":[{"href":"https:\/\/bibliotecazampa.com.ar\/index.php\/wp-json\/wp\/v2\/types\/page"}],"author":[{"embeddable":true,"href":"https:\/\/bibliotecazampa.com.ar\/index.php\/wp-json\/wp\/v2\/users\/1"}],"replies":[{"embeddable":true,"href":"https:\/\/bibliotecazampa.com.ar\/index.php\/wp-json\/wp\/v2\/comments?post=98"}],"version-history":[{"count":7,"href":"https:\/\/bibliotecazampa.com.ar\/index.php\/wp-json\/wp\/v2\/pages\/98\/revisions"}],"predecessor-version":[{"id":264,"href":"https:\/\/bibliotecazampa.com.ar\/index.php\/wp-json\/wp\/v2\/pages\/98\/revisions\/264"}],"wp:attachment":[{"href":"https:\/\/bibliotecazampa.com.ar\/index.php\/wp-json\/wp\/v2\/media?parent=98"}],"curies":[{"name":"wp","href":"https:\/\/api.w.org\/{rel}","templated":true}]}}