{"id":96,"date":"2020-08-06T17:56:42","date_gmt":"2020-08-06T20:56:42","guid":{"rendered":"http:\/\/bibliotecazampa.com.ar\/?page_id=96"},"modified":"2020-08-07T16:12:28","modified_gmt":"2020-08-07T19:12:28","slug":"objetivo-institucionales","status":"publish","type":"page","link":"https:\/\/bibliotecazampa.com.ar\/index.php\/objetivo-institucionales\/","title":{"rendered":"Objetivo institucionales"},"content":{"rendered":"<h2 style=\"font-weight: 300;\"><\/h2>\n<ul>\n<li>Despertar en los usuarios el afecto por el libro como instrumento de cultura y civilizaci\u00f3n.<\/li>\n<\/ul>\n<p>&nbsp;<\/p>\n<ul>\n<li>Mantener la realizaci\u00f3n de actividades de extensi\u00f3n cultural, ya que las mismas generan una comunicaci\u00f3n m\u00e1s fluida no solo con los ni\u00f1os, adolescentes y las instituciones educativas a las que ellos concurren, sino con el p\u00fablico en General.<\/li>\n<\/ul>\n","protected":false},"excerpt":{"rendered":"<p>Despertar en los usuarios el afecto por el libro como instrumento de cultura y civilizaci\u00f3n. &nbsp; Mantener la realizaci\u00f3n de actividades de extensi\u00f3n cultural, ya que las mismas generan una comunicaci\u00f3n m\u00e1s fluida no solo con los ni\u00f1os, adolescentes y las instituciones educativas a las que ellos concurren, sino con el p\u00fablico en General.<\/p>\n","protected":false},"author":1,"featured_media":0,"parent":0,"menu_order":0,"comment_status":"closed","ping_status":"closed","template":"","meta":[],"_links":{"self":[{"href":"https:\/\/bibliotecazampa.com.ar\/index.php\/wp-json\/wp\/v2\/pages\/96"}],"collection":[{"href":"https:\/\/bibliotecazampa.com.ar\/index.php\/wp-json\/wp\/v2\/pages"}],"about":[{"href":"https:\/\/bibliotecazampa.com.ar\/index.php\/wp-json\/wp\/v2\/types\/page"}],"author":[{"embeddable":true,"href":"https:\/\/bibliotecazampa.com.ar\/index.php\/wp-json\/wp\/v2\/users\/1"}],"replies":[{"embeddable":true,"href":"https:\/\/bibliotecazampa.com.ar\/index.php\/wp-json\/wp\/v2\/comments?post=96"}],"version-history":[{"count":4,"href":"https:\/\/bibliotecazampa.com.ar\/index.php\/wp-json\/wp\/v2\/pages\/96\/revisions"}],"predecessor-version":[{"id":219,"href":"https:\/\/bibliotecazampa.com.ar\/index.php\/wp-json\/wp\/v2\/pages\/96\/revisions\/219"}],"wp:attachment":[{"href":"https:\/\/bibliotecazampa.com.ar\/index.php\/wp-json\/wp\/v2\/media?parent=96"}],"curies":[{"name":"wp","href":"https:\/\/api.w.org\/{rel}","templated":true}]}}