{"id":87,"date":"2020-08-06T17:49:28","date_gmt":"2020-08-06T20:49:28","guid":{"rendered":"http:\/\/bibliotecazampa.com.ar\/?page_id=87"},"modified":"2020-08-06T17:49:28","modified_gmt":"2020-08-06T20:49:28","slug":"fortunato-zampa","status":"publish","type":"page","link":"https:\/\/bibliotecazampa.com.ar\/index.php\/fortunato-zampa\/","title":{"rendered":"FORTUNATO ZAMPA"},"content":{"rendered":"<p><img loading=\"lazy\" class=\"size-full wp-image-88 aligncenter\" src=\"http:\/\/bibliotecazampa.com.ar\/wp-content\/uploads\/2020\/08\/zampa.jpg\" alt=\"\" width=\"208\" height=\"201\" \/><\/p>\n<p style=\"font-weight: 400;\">Fueron sus padres Francisco Zampa y Marghaetta Gabrielle.<\/p>\n<p style=\"font-weight: 400;\">Naci\u00f3 el 16 de Febrero de 1884 en Montelupone, provincia de Macerata, Italia. A los 21 a\u00f1os de edad emigr\u00f3 a la Argentina.<\/p>\n<p style=\"font-weight: 400;\">A los 25 a\u00f1os comienza a trabajar como cocinero en las viejas cosechadoras de cereales de Ramallo y luego de dos a\u00f1os logra instalar una peque\u00f1a peluquer\u00eda. Trabajando en ella toma contacto con un grupo de amigos.<\/p>\n<p style=\"font-weight: 400;\">A su peluquer\u00eda llegan los diarios: La Capital, El sol, etc. Y dado el inter\u00e9s que demostraba la gente por su lectura, decidi\u00f3 instalar en el fondo del sal\u00f3n, donde ya funcionaba la peluquer\u00eda, una peque\u00f1a biblioteca. All\u00ed llegaban muchos italianos, a los cuales les serv\u00eda de nexo entre ellos y su vieja patria, ya que estos al no saber leer ni escribir, era Don Fortunato el encargado de escribirles y leerles las cartas que de all\u00e1 llegaban.<\/p>\n<p style=\"font-weight: 400;\">Conforme con lo que hab\u00eda logrado y pensando siempre que la lectura era lo m\u00e1s importante para educarse, decidi\u00f3 junto a sus amigos que esa biblioteca deber\u00eda estar al alcance de todo el pueblo y as\u00ed naci\u00f3 la Biblioteca Domingo Faustino Sarmiento.<\/p>\n<p style=\"font-weight: 400;\">Desde este momento su vida qued\u00f3 consagrada a ella, tratando de conseguir libros y que la gente fuese a leer.<\/p>\n<p style=\"font-weight: 400;\">Aprendi\u00f3 a encuadernar y cada libro que recib\u00eda lo acondicionaba y encuadernaba. De su iniciativa naci\u00f3 el primer monumento al Gral. San Mart\u00edn con que cont\u00f3 Ramallo.<\/p>\n<p style=\"font-weight: 400;\">Muri\u00f3 el 30 de Octubre de 1965 a los 81 a\u00f1os.<\/p>\n","protected":false},"excerpt":{"rendered":"<p>Fueron sus padres Francisco Zampa y Marghaetta Gabrielle. Naci\u00f3 el 16 de Febrero de 1884 en Montelupone, provincia de Macerata, Italia. A los 21 a\u00f1os de edad emigr\u00f3 a la Argentina. A los 25 a\u00f1os comienza a trabajar como cocinero en las viejas cosechadoras de cereales de Ramallo y luego de dos a\u00f1os logra instalar &hellip; <\/p>\n<p class=\"link-more\"><a href=\"https:\/\/bibliotecazampa.com.ar\/index.php\/fortunato-zampa\/\" class=\"more-link\">Segu\u00ed leyendo<span class=\"screen-reader-text\"> &#8220;FORTUNATO ZAMPA&#8221;<\/span><\/a><\/p>\n","protected":false},"author":1,"featured_media":0,"parent":0,"menu_order":0,"comment_status":"closed","ping_status":"closed","template":"","meta":[],"_links":{"self":[{"href":"https:\/\/bibliotecazampa.com.ar\/index.php\/wp-json\/wp\/v2\/pages\/87"}],"collection":[{"href":"https:\/\/bibliotecazampa.com.ar\/index.php\/wp-json\/wp\/v2\/pages"}],"about":[{"href":"https:\/\/bibliotecazampa.com.ar\/index.php\/wp-json\/wp\/v2\/types\/page"}],"author":[{"embeddable":true,"href":"https:\/\/bibliotecazampa.com.ar\/index.php\/wp-json\/wp\/v2\/users\/1"}],"replies":[{"embeddable":true,"href":"https:\/\/bibliotecazampa.com.ar\/index.php\/wp-json\/wp\/v2\/comments?post=87"}],"version-history":[{"count":1,"href":"https:\/\/bibliotecazampa.com.ar\/index.php\/wp-json\/wp\/v2\/pages\/87\/revisions"}],"predecessor-version":[{"id":89,"href":"https:\/\/bibliotecazampa.com.ar\/index.php\/wp-json\/wp\/v2\/pages\/87\/revisions\/89"}],"wp:attachment":[{"href":"https:\/\/bibliotecazampa.com.ar\/index.php\/wp-json\/wp\/v2\/media?parent=87"}],"curies":[{"name":"wp","href":"https:\/\/api.w.org\/{rel}","templated":true}]}}