{"id":64,"date":"2020-08-06T02:20:43","date_gmt":"2020-08-06T05:20:43","guid":{"rendered":"http:\/\/bibliotecazampa.com.ar\/?page_id=64"},"modified":"2023-11-27T09:51:07","modified_gmt":"2023-11-27T12:51:07","slug":"catalogo-y-novedades","status":"publish","type":"page","link":"https:\/\/bibliotecazampa.com.ar\/index.php\/catalogo-y-novedades\/","title":{"rendered":"Cat\u00e1logo y novedades"},"content":{"rendered":"<h2 style=\"font-weight: 300;\">La biblioteca cuenta con m\u00e1s de 26.584 vol\u00famenes a disposici\u00f3n del p\u00fablico.<\/h2>\n<p style=\"font-weight: 400;\">Dicho material se encuentra catalogado en nuestro sistema inform\u00e1tico, facilitando la ubicaci\u00f3n y consulta de los mismos.<\/p>\n<p style=\"font-weight: 400;\">Constantemente incorporamos nuevas obras a nuestro cat\u00e1logo.<\/p>\n<p style=\"font-weight: 400;\">Las incorporaciones surgen de:<\/p>\n<ul style=\"font-weight: 400;\">\n<li>Material facilitado por la CONABIP<\/li>\n<li>Donaciones de particulares.<\/li>\n<li>Donaciones de socios de la biblioteca.<\/li>\n<li>Donaciones de autores.<\/li>\n<li>\u00a0Compra institucional anual que realiza la biblioteca en la Feria Internacional del Libro de Bs. As.<\/li>\n<\/ul>\n\n\n<figure class=\"wp-block-gallery columns-1 is-cropped\"><ul class=\"blocks-gallery-grid\"><li class=\"blocks-gallery-item\"><figure><img loading=\"lazy\" width=\"768\" height=\"1024\" src=\"https:\/\/bibliotecazampa.com.ar\/wp-content\/uploads\/2023\/11\/WhatsApp-Image-2023-11-13-at-11.29.18-AM-768x1024.jpeg\" alt=\"\" data-id=\"244\" data-full-url=\"https:\/\/bibliotecazampa.com.ar\/wp-content\/uploads\/2023\/11\/WhatsApp-Image-2023-11-13-at-11.29.18-AM.jpeg\" data-link=\"https:\/\/bibliotecazampa.com.ar\/index.php\/catalogo-y-novedades\/whatsapp-image-2023-11-13-at-11-29-18-am\/\" class=\"wp-image-244\" srcset=\"https:\/\/bibliotecazampa.com.ar\/wp-content\/uploads\/2023\/11\/WhatsApp-Image-2023-11-13-at-11.29.18-AM-768x1024.jpeg 768w, https:\/\/bibliotecazampa.com.ar\/wp-content\/uploads\/2023\/11\/WhatsApp-Image-2023-11-13-at-11.29.18-AM-225x300.jpeg 225w, https:\/\/bibliotecazampa.com.ar\/wp-content\/uploads\/2023\/11\/WhatsApp-Image-2023-11-13-at-11.29.18-AM-1152x1536.jpeg 1152w, https:\/\/bibliotecazampa.com.ar\/wp-content\/uploads\/2023\/11\/WhatsApp-Image-2023-11-13-at-11.29.18-AM.jpeg 1200w\" sizes=\"(max-width: 767px) 89vw, (max-width: 1000px) 54vw, (max-width: 1071px) 543px, 580px\" \/><\/figure><\/li><\/ul><\/figure>\n\n\n\n<p class=\"has-text-align-center has-vivid-red-color has-text-color has-large-font-size\"><strong>Novedades<\/strong><\/p>\n\n\n\n<figure class=\"wp-block-image size-large\"><img loading=\"lazy\" width=\"1024\" height=\"771\" src=\"https:\/\/bibliotecazampa.com.ar\/wp-content\/uploads\/2023\/11\/WhatsApp-Image-2023-11-27-at-9.46.27-AM-1024x771.jpeg\" alt=\"\" class=\"wp-image-253\" srcset=\"https:\/\/bibliotecazampa.com.ar\/wp-content\/uploads\/2023\/11\/WhatsApp-Image-2023-11-27-at-9.46.27-AM-1024x771.jpeg 1024w, https:\/\/bibliotecazampa.com.ar\/wp-content\/uploads\/2023\/11\/WhatsApp-Image-2023-11-27-at-9.46.27-AM-300x226.jpeg 300w, https:\/\/bibliotecazampa.com.ar\/wp-content\/uploads\/2023\/11\/WhatsApp-Image-2023-11-27-at-9.46.27-AM-768x578.jpeg 768w, https:\/\/bibliotecazampa.com.ar\/wp-content\/uploads\/2023\/11\/WhatsApp-Image-2023-11-27-at-9.46.27-AM.jpeg 1080w\" sizes=\"(max-width: 767px) 89vw, (max-width: 1000px) 54vw, (max-width: 1071px) 543px, 580px\" \/><\/figure>\n\n\n\n<figure class=\"wp-block-gallery columns-1 is-cropped\"><ul class=\"blocks-gallery-grid\"><li class=\"blocks-gallery-item\"><figure><img loading=\"lazy\" width=\"1024\" height=\"771\" src=\"https:\/\/bibliotecazampa.com.ar\/wp-content\/uploads\/2023\/11\/WhatsApp-Image-2023-11-27-at-9.46.09-AM-1024x771.jpeg\" alt=\"\" data-id=\"254\" data-full-url=\"https:\/\/bibliotecazampa.com.ar\/wp-content\/uploads\/2023\/11\/WhatsApp-Image-2023-11-27-at-9.46.09-AM.jpeg\" data-link=\"https:\/\/bibliotecazampa.com.ar\/index.php\/catalogo-y-novedades\/whatsapp-image-2023-11-27-at-9-46-09-am\/\" class=\"wp-image-254\" srcset=\"https:\/\/bibliotecazampa.com.ar\/wp-content\/uploads\/2023\/11\/WhatsApp-Image-2023-11-27-at-9.46.09-AM-1024x771.jpeg 1024w, https:\/\/bibliotecazampa.com.ar\/wp-content\/uploads\/2023\/11\/WhatsApp-Image-2023-11-27-at-9.46.09-AM-300x226.jpeg 300w, https:\/\/bibliotecazampa.com.ar\/wp-content\/uploads\/2023\/11\/WhatsApp-Image-2023-11-27-at-9.46.09-AM-768x578.jpeg 768w, https:\/\/bibliotecazampa.com.ar\/wp-content\/uploads\/2023\/11\/WhatsApp-Image-2023-11-27-at-9.46.09-AM.jpeg 1080w\" sizes=\"(max-width: 767px) 89vw, (max-width: 1000px) 54vw, (max-width: 1071px) 543px, 580px\" \/><\/figure><\/li><\/ul><\/figure>\n","protected":false},"excerpt":{"rendered":"<p>La biblioteca cuenta con m\u00e1s de 26.584 vol\u00famenes a disposici\u00f3n del p\u00fablico. Dicho material se encuentra catalogado en nuestro sistema inform\u00e1tico, facilitando la ubicaci\u00f3n y consulta de los mismos. Constantemente incorporamos nuevas obras a nuestro cat\u00e1logo. Las incorporaciones surgen de: Material facilitado por la CONABIP Donaciones de particulares. Donaciones de socios de la biblioteca. Donaciones &hellip; <\/p>\n<p class=\"link-more\"><a href=\"https:\/\/bibliotecazampa.com.ar\/index.php\/catalogo-y-novedades\/\" class=\"more-link\">Segu\u00ed leyendo<span class=\"screen-reader-text\"> &#8220;Cat\u00e1logo y novedades&#8221;<\/span><\/a><\/p>\n","protected":false},"author":1,"featured_media":0,"parent":0,"menu_order":0,"comment_status":"closed","ping_status":"closed","template":"","meta":[],"_links":{"self":[{"href":"https:\/\/bibliotecazampa.com.ar\/index.php\/wp-json\/wp\/v2\/pages\/64"}],"collection":[{"href":"https:\/\/bibliotecazampa.com.ar\/index.php\/wp-json\/wp\/v2\/pages"}],"about":[{"href":"https:\/\/bibliotecazampa.com.ar\/index.php\/wp-json\/wp\/v2\/types\/page"}],"author":[{"embeddable":true,"href":"https:\/\/bibliotecazampa.com.ar\/index.php\/wp-json\/wp\/v2\/users\/1"}],"replies":[{"embeddable":true,"href":"https:\/\/bibliotecazampa.com.ar\/index.php\/wp-json\/wp\/v2\/comments?post=64"}],"version-history":[{"count":8,"href":"https:\/\/bibliotecazampa.com.ar\/index.php\/wp-json\/wp\/v2\/pages\/64\/revisions"}],"predecessor-version":[{"id":256,"href":"https:\/\/bibliotecazampa.com.ar\/index.php\/wp-json\/wp\/v2\/pages\/64\/revisions\/256"}],"wp:attachment":[{"href":"https:\/\/bibliotecazampa.com.ar\/index.php\/wp-json\/wp\/v2\/media?parent=64"}],"curies":[{"name":"wp","href":"https:\/\/api.w.org\/{rel}","templated":true}]}}