{"id":124,"date":"2020-08-06T18:42:21","date_gmt":"2020-08-06T21:42:21","guid":{"rendered":"http:\/\/bibliotecazampa.com.ar\/?page_id=124"},"modified":"2023-11-13T11:21:22","modified_gmt":"2023-11-13T14:21:22","slug":"bebeteca","status":"publish","type":"page","link":"https:\/\/bibliotecazampa.com.ar\/index.php\/bebeteca\/","title":{"rendered":"Bebeteca"},"content":{"rendered":"<p>Dentro del \u00e1mbito del sector infantil se ha creado este espacio especialmente pensado para los m\u00e1s chiquitos y para las mam\u00e1s embarazadas que quieran acercarse al mundo del libro con el fin de incluir luego a sus hijos en \u00e9l.<\/p>\n<p>La bebeteca cuenta con libros para que este pre- lector se encuentre con un mundo de palabras, colores, formas y texturas diferentes, mundo a partir del cual comenzar\u00e1 a descubrir el placer de la lectura.<\/p>\n\n\n<figure class=\"wp-block-gallery columns-1 is-cropped\"><ul class=\"blocks-gallery-grid\"><li class=\"blocks-gallery-item\"><figure><img loading=\"lazy\" width=\"768\" height=\"1024\" src=\"https:\/\/bibliotecazampa.com.ar\/wp-content\/uploads\/2023\/11\/WhatsApp-Image-2023-11-13-at-10.26.55-AM-768x1024.jpeg\" alt=\"\" data-id=\"241\" data-full-url=\"https:\/\/bibliotecazampa.com.ar\/wp-content\/uploads\/2023\/11\/WhatsApp-Image-2023-11-13-at-10.26.55-AM.jpeg\" data-link=\"https:\/\/bibliotecazampa.com.ar\/index.php\/bebeteca\/whatsapp-image-2023-11-13-at-10-26-55-am\/\" class=\"wp-image-241\" srcset=\"https:\/\/bibliotecazampa.com.ar\/wp-content\/uploads\/2023\/11\/WhatsApp-Image-2023-11-13-at-10.26.55-AM-768x1024.jpeg 768w, https:\/\/bibliotecazampa.com.ar\/wp-content\/uploads\/2023\/11\/WhatsApp-Image-2023-11-13-at-10.26.55-AM-225x300.jpeg 225w, https:\/\/bibliotecazampa.com.ar\/wp-content\/uploads\/2023\/11\/WhatsApp-Image-2023-11-13-at-10.26.55-AM-1152x1536.jpeg 1152w, https:\/\/bibliotecazampa.com.ar\/wp-content\/uploads\/2023\/11\/WhatsApp-Image-2023-11-13-at-10.26.55-AM.jpeg 1200w\" sizes=\"(max-width: 767px) 89vw, (max-width: 1000px) 54vw, (max-width: 1071px) 543px, 580px\" \/><\/figure><\/li><\/ul><\/figure>\n","protected":false},"excerpt":{"rendered":"<p>Dentro del \u00e1mbito del sector infantil se ha creado este espacio especialmente pensado para los m\u00e1s chiquitos y para las mam\u00e1s embarazadas que quieran acercarse al mundo del libro con el fin de incluir luego a sus hijos en \u00e9l. La bebeteca cuenta con libros para que este pre- lector se encuentre con un mundo &hellip; <\/p>\n<p class=\"link-more\"><a href=\"https:\/\/bibliotecazampa.com.ar\/index.php\/bebeteca\/\" class=\"more-link\">Segu\u00ed leyendo<span class=\"screen-reader-text\"> &#8220;Bebeteca&#8221;<\/span><\/a><\/p>\n","protected":false},"author":1,"featured_media":0,"parent":0,"menu_order":0,"comment_status":"closed","ping_status":"closed","template":"","meta":[],"_links":{"self":[{"href":"https:\/\/bibliotecazampa.com.ar\/index.php\/wp-json\/wp\/v2\/pages\/124"}],"collection":[{"href":"https:\/\/bibliotecazampa.com.ar\/index.php\/wp-json\/wp\/v2\/pages"}],"about":[{"href":"https:\/\/bibliotecazampa.com.ar\/index.php\/wp-json\/wp\/v2\/types\/page"}],"author":[{"embeddable":true,"href":"https:\/\/bibliotecazampa.com.ar\/index.php\/wp-json\/wp\/v2\/users\/1"}],"replies":[{"embeddable":true,"href":"https:\/\/bibliotecazampa.com.ar\/index.php\/wp-json\/wp\/v2\/comments?post=124"}],"version-history":[{"count":6,"href":"https:\/\/bibliotecazampa.com.ar\/index.php\/wp-json\/wp\/v2\/pages\/124\/revisions"}],"predecessor-version":[{"id":242,"href":"https:\/\/bibliotecazampa.com.ar\/index.php\/wp-json\/wp\/v2\/pages\/124\/revisions\/242"}],"wp:attachment":[{"href":"https:\/\/bibliotecazampa.com.ar\/index.php\/wp-json\/wp\/v2\/media?parent=124"}],"curies":[{"name":"wp","href":"https:\/\/api.w.org\/{rel}","templated":true}]}}