{"id":118,"date":"2020-08-06T18:40:40","date_gmt":"2020-08-06T21:40:40","guid":{"rendered":"http:\/\/bibliotecazampa.com.ar\/?page_id=118"},"modified":"2020-08-07T16:03:37","modified_gmt":"2020-08-07T19:03:37","slug":"servicios-de-referencias","status":"publish","type":"page","link":"https:\/\/bibliotecazampa.com.ar\/index.php\/servicios-de-referencias\/","title":{"rendered":"Servicios de referencias"},"content":{"rendered":"<p>El objetivo Gral. Del servicio de referencia es brindar informaci\u00f3n adecuada y precisa a quien lo solicite.<\/p>\n<p>En este sector se pueden realizar consultas puntuales y r\u00e1pidas sobre distintas tem\u00e1ticas.<\/p>\n<p>Se brinda orientaci\u00f3n al usuario sobre la colecci\u00f3n existente y el uso de todas las \u00e1reas para hacerlas m\u00e1s accesible.<\/p>\n","protected":false},"excerpt":{"rendered":"<p>El objetivo Gral. Del servicio de referencia es brindar informaci\u00f3n adecuada y precisa a quien lo solicite. En este sector se pueden realizar consultas puntuales y r\u00e1pidas sobre distintas tem\u00e1ticas. Se brinda orientaci\u00f3n al usuario sobre la colecci\u00f3n existente y el uso de todas las \u00e1reas para hacerlas m\u00e1s accesible.<\/p>\n","protected":false},"author":1,"featured_media":0,"parent":0,"menu_order":0,"comment_status":"closed","ping_status":"closed","template":"","meta":[],"_links":{"self":[{"href":"https:\/\/bibliotecazampa.com.ar\/index.php\/wp-json\/wp\/v2\/pages\/118"}],"collection":[{"href":"https:\/\/bibliotecazampa.com.ar\/index.php\/wp-json\/wp\/v2\/pages"}],"about":[{"href":"https:\/\/bibliotecazampa.com.ar\/index.php\/wp-json\/wp\/v2\/types\/page"}],"author":[{"embeddable":true,"href":"https:\/\/bibliotecazampa.com.ar\/index.php\/wp-json\/wp\/v2\/users\/1"}],"replies":[{"embeddable":true,"href":"https:\/\/bibliotecazampa.com.ar\/index.php\/wp-json\/wp\/v2\/comments?post=118"}],"version-history":[{"count":4,"href":"https:\/\/bibliotecazampa.com.ar\/index.php\/wp-json\/wp\/v2\/pages\/118\/revisions"}],"predecessor-version":[{"id":211,"href":"https:\/\/bibliotecazampa.com.ar\/index.php\/wp-json\/wp\/v2\/pages\/118\/revisions\/211"}],"wp:attachment":[{"href":"https:\/\/bibliotecazampa.com.ar\/index.php\/wp-json\/wp\/v2\/media?parent=118"}],"curies":[{"name":"wp","href":"https:\/\/api.w.org\/{rel}","templated":true}]}}