{"id":116,"date":"2020-08-06T18:40:04","date_gmt":"2020-08-06T21:40:04","guid":{"rendered":"http:\/\/bibliotecazampa.com.ar\/?page_id=116"},"modified":"2020-08-07T16:15:34","modified_gmt":"2020-08-07T19:15:34","slug":"servicios-de-biblioteca-a-socios","status":"publish","type":"page","link":"https:\/\/bibliotecazampa.com.ar\/index.php\/servicios-de-biblioteca-a-socios\/","title":{"rendered":"Servicios de Biblioteca a socios"},"content":{"rendered":"<h2 style=\"font-weight: 300;\"><\/h2>\n<ul>\n<li style=\"font-weight: 400;\">Retirar libros en pr\u00e9stamos a domicilio.<\/li>\n<li style=\"font-weight: 400;\">En \u00e9poca de vacaciones se puede retirar m\u00e1s de tres ejemplares.<\/li>\n<li>M\u00e1s de 26000 vol\u00famenes para todas las edades, gustos y necesidades.<\/li>\n<li>Importantes novedades durante el a\u00f1o.<\/li>\n<\/ul>\n","protected":false},"excerpt":{"rendered":"<p>Retirar libros en pr\u00e9stamos a domicilio. En \u00e9poca de vacaciones se puede retirar m\u00e1s de tres ejemplares. M\u00e1s de 26000 vol\u00famenes para todas las edades, gustos y necesidades. Importantes novedades durante el a\u00f1o.<\/p>\n","protected":false},"author":1,"featured_media":0,"parent":0,"menu_order":0,"comment_status":"closed","ping_status":"closed","template":"","meta":[],"_links":{"self":[{"href":"https:\/\/bibliotecazampa.com.ar\/index.php\/wp-json\/wp\/v2\/pages\/116"}],"collection":[{"href":"https:\/\/bibliotecazampa.com.ar\/index.php\/wp-json\/wp\/v2\/pages"}],"about":[{"href":"https:\/\/bibliotecazampa.com.ar\/index.php\/wp-json\/wp\/v2\/types\/page"}],"author":[{"embeddable":true,"href":"https:\/\/bibliotecazampa.com.ar\/index.php\/wp-json\/wp\/v2\/users\/1"}],"replies":[{"embeddable":true,"href":"https:\/\/bibliotecazampa.com.ar\/index.php\/wp-json\/wp\/v2\/comments?post=116"}],"version-history":[{"count":4,"href":"https:\/\/bibliotecazampa.com.ar\/index.php\/wp-json\/wp\/v2\/pages\/116\/revisions"}],"predecessor-version":[{"id":223,"href":"https:\/\/bibliotecazampa.com.ar\/index.php\/wp-json\/wp\/v2\/pages\/116\/revisions\/223"}],"wp:attachment":[{"href":"https:\/\/bibliotecazampa.com.ar\/index.php\/wp-json\/wp\/v2\/media?parent=116"}],"curies":[{"name":"wp","href":"https:\/\/api.w.org\/{rel}","templated":true}]}}